{"id":1668,"date":"2015-07-10T10:37:36","date_gmt":"2015-07-10T10:37:36","guid":{"rendered":"http:\/\/demo.thimpress.com\/resca\/?page_id=1668"},"modified":"2020-08-26T19:47:02","modified_gmt":"2020-08-26T19:47:02","slug":"galeria","status":"publish","type":"page","link":"https:\/\/salinasgranhotel.com\/en\/galeria\/","title":{"rendered":"Galer\u00eda"},"content":{"rendered":"<div id=\"pl-1668\"  class=\"panel-layout\" ><div id=\"pg-1668-0\"  class=\"panel-grid panel-no-style\" ><div id=\"pgc-1668-0-0\"  class=\"panel-grid-cell\" ><div id=\"panel-1668-0-0-0\" class=\"so-panel widget widget_sow-editor panel-first-child\" data-index=\"0\" ><div\n\t\t\t\n\t\t\tclass=\"so-widget-sow-editor so-widget-sow-editor-base\"\n\t\t\t\n\t\t>\n<div class=\"siteorigin-widget-tinymce textwidget\">\n\t<p style=\"text-align: center;\">Todas las im\u00e1genes de esta secci\u00f3n (Galer\u00eda) y de todo nuestro sitio web, est\u00e1n sujetas a derechos de autor, por lo que antes de descargarlas o copiarlas debe solicitar su autorizaci\u00f3n.<\/p>\n<\/div>\n<\/div><\/div><div id=\"panel-1668-0-0-1\" class=\"so-panel widget widget_gallery panel-last-child\" data-index=\"1\" ><div class=\"thim-widget-gallery thim-widget-gallery-base template-base\">\t<div class=\"wrapper-filter-controls\">\n\t\t<div class=\"filter-controls\">\n\t\t\t<a class=\"filter active\" data-filter=\"*\" href=\"javascript:;\">Todo<\/a>\n\t\t\t<a class=\"filter\" href=\"javascript:;\" data-filter=\".filter-gallery-3874\">Visitantes<\/a><a class=\"filter\" href=\"javascript:;\" data-filter=\".filter-gallery-1666\">Habitaciones<\/a><a class=\"filter\" href=\"javascript:;\" data-filter=\".filter-gallery-1664\">Restaurant<\/a><a class=\"filter\" href=\"javascript:;\" data-filter=\".filter-gallery-1661\">Otras<\/a>\t\t<\/div>\n\t<\/div>\n\t<div class=\"wrapper-gallery-filter grid row\" itemscope itemtype=\"http:\/\/schema.org\/ItemList\">\n\t\t<div class=\"item-photo element col-sm-4 filter-gallery-3874\"><div class=\"inner\"><a class=\"fancybox\" data-fancybox-group=\"gallery\" href=\"https:\/\/salinasgranhotel.com\/en\/wp-content\/uploads\/2020\/08\/IMG_4799.jpg\"><img decoding=\"async\" src=\"https:\/\/salinasgranhotel.com\/en\/wp-content\/uploads\/2020\/08\/IMG_4799-380x310.jpg\" alt= \"Visitantes\" title = \"Visitantes\" \/><\/a><\/div><\/div><div class=\"item-photo element col-sm-4 filter-gallery-3874\"><div class=\"inner\"><a class=\"fancybox\" data-fancybox-group=\"gallery\" href=\"https:\/\/salinasgranhotel.com\/en\/wp-content\/uploads\/2020\/08\/IMG_4800.jpg\"><img decoding=\"async\" src=\"https:\/\/salinasgranhotel.com\/en\/wp-content\/uploads\/2020\/08\/IMG_4800-380x310.jpg\" alt= \"Visitantes\" title = \"Visitantes\" \/><\/a><\/div><\/div><div class=\"item-photo element col-sm-4 filter-gallery-3874\"><div class=\"inner\"><a class=\"fancybox\" data-fancybox-group=\"gallery\" href=\"https:\/\/salinasgranhotel.com\/en\/wp-content\/uploads\/2020\/08\/IMG_4806.jpg\"><img decoding=\"async\" src=\"https:\/\/salinasgranhotel.com\/en\/wp-content\/uploads\/2020\/08\/IMG_4806-380x310.jpg\" alt= \"Visitantes\" title = \"Visitantes\" \/><\/a><\/div><\/div><div class=\"item-photo element col-sm-4 filter-gallery-3874\"><div class=\"inner\"><a class=\"fancybox\" data-fancybox-group=\"gallery\" href=\"https:\/\/salinasgranhotel.com\/en\/wp-content\/uploads\/2020\/08\/IMG_4809.jpg\"><img decoding=\"async\" src=\"https:\/\/salinasgranhotel.com\/en\/wp-content\/uploads\/2020\/08\/IMG_4809-380x310.jpg\" alt= \"Visitantes\" title = \"Visitantes\" \/><\/a><\/div><\/div><div class=\"item-photo element col-sm-4 filter-gallery-3874\"><div class=\"inner\"><a class=\"fancybox\" data-fancybox-group=\"gallery\" href=\"https:\/\/salinasgranhotel.com\/en\/wp-content\/uploads\/2020\/08\/IMG_4811.jpg\"><img decoding=\"async\" src=\"https:\/\/salinasgranhotel.com\/en\/wp-content\/uploads\/2020\/08\/IMG_4811-380x310.jpg\" alt= \"Visitantes\" title = \"Visitantes\" \/><\/a><\/div><\/div><div class=\"item-photo element col-sm-4 filter-gallery-3874\"><div class=\"inner\"><a class=\"fancybox\" data-fancybox-group=\"gallery\" href=\"https:\/\/salinasgranhotel.com\/en\/wp-content\/uploads\/2020\/08\/IMG_4813.jpg\"><img decoding=\"async\" src=\"https:\/\/salinasgranhotel.com\/en\/wp-content\/uploads\/2020\/08\/IMG_4813-380x310.jpg\" alt= \"Visitantes\" title = \"Visitantes\" \/><\/a><\/div><\/div><div class=\"item-photo element col-sm-4 filter-gallery-3874\"><div class=\"inner\"><a class=\"fancybox\" data-fancybox-group=\"gallery\" href=\"https:\/\/salinasgranhotel.com\/en\/wp-content\/uploads\/2020\/08\/IMG_4815.jpg\"><img decoding=\"async\" src=\"https:\/\/salinasgranhotel.com\/en\/wp-content\/uploads\/2020\/08\/IMG_4815-380x310.jpg\" alt= \"Visitantes\" title = \"Visitantes\" \/><\/a><\/div><\/div><div class=\"item-photo element col-sm-4 filter-gallery-3874\"><div class=\"inner\"><a class=\"fancybox\" data-fancybox-group=\"gallery\" href=\"https:\/\/salinasgranhotel.com\/en\/wp-content\/uploads\/2020\/08\/IMG_4824.jpg\"><img decoding=\"async\" src=\"https:\/\/salinasgranhotel.com\/en\/wp-content\/uploads\/2020\/08\/IMG_4824-380x310.jpg\" alt= \"Visitantes\" title = \"Visitantes\" \/><\/a><\/div><\/div><div class=\"item-photo element col-sm-4 filter-gallery-3874\"><div class=\"inner\"><a class=\"fancybox\" data-fancybox-group=\"gallery\" href=\"https:\/\/salinasgranhotel.com\/en\/wp-content\/uploads\/2020\/08\/IMG_4825.jpg\"><img decoding=\"async\" src=\"https:\/\/salinasgranhotel.com\/en\/wp-content\/uploads\/2020\/08\/IMG_4825-380x310.jpg\" alt= \"Visitantes\" title = \"Visitantes\" \/><\/a><\/div><\/div><div class=\"item-photo element col-sm-4 filter-gallery-3874\"><div class=\"inner\"><a class=\"fancybox\" data-fancybox-group=\"gallery\" href=\"https:\/\/salinasgranhotel.com\/en\/wp-content\/uploads\/2020\/08\/IMG_4829.jpg\"><img decoding=\"async\" src=\"https:\/\/salinasgranhotel.com\/en\/wp-content\/uploads\/2020\/08\/IMG_4829-380x310.jpg\" alt= \"Visitantes\" title = \"Visitantes\" \/><\/a><\/div><\/div><div class=\"item-photo element col-sm-4 filter-gallery-1666\"><div class=\"inner\"><a class=\"fancybox\" data-fancybox-group=\"gallery\" href=\"https:\/\/salinasgranhotel.com\/en\/wp-content\/uploads\/2014\/01\/WhatsApp-Image-2020-03-16-at-13.11.12-1.jpeg\"><img decoding=\"async\" src=\"https:\/\/salinasgranhotel.com\/en\/wp-content\/uploads\/2014\/01\/WhatsApp-Image-2020-03-16-at-13.11.12-1-380x310.jpeg\" alt= \"Habitaciones\" title = \"Habitaciones\" \/><\/a><\/div><\/div><div class=\"item-photo element col-sm-4 filter-gallery-1666\"><div class=\"inner\"><a class=\"fancybox\" data-fancybox-group=\"gallery\" href=\"https:\/\/salinasgranhotel.com\/en\/wp-content\/uploads\/2014\/01\/WhatsApp-Image-2020-03-16-at-13.11.12-7.jpeg\"><img decoding=\"async\" src=\"https:\/\/salinasgranhotel.com\/en\/wp-content\/uploads\/2014\/01\/WhatsApp-Image-2020-03-16-at-13.11.12-7-380x310.jpeg\" alt= \"Habitaciones\" title = \"Habitaciones\" \/><\/a><\/div><\/div><div class=\"item-photo element col-sm-4 filter-gallery-1666\"><div class=\"inner\"><a class=\"fancybox\" data-fancybox-group=\"gallery\" href=\"https:\/\/salinasgranhotel.com\/en\/wp-content\/uploads\/2014\/01\/WhatsApp-Image-2020-03-16-at-13.11.12-24.jpeg\"><img decoding=\"async\" src=\"https:\/\/salinasgranhotel.com\/en\/wp-content\/uploads\/2014\/01\/WhatsApp-Image-2020-03-16-at-13.11.12-24-380x310.jpeg\" alt= \"Habitaciones\" title = \"Habitaciones\" \/><\/a><\/div><\/div><div class=\"item-photo element col-sm-4 filter-gallery-1666\"><div class=\"inner\"><a class=\"fancybox\" data-fancybox-group=\"gallery\" href=\"https:\/\/salinasgranhotel.com\/en\/wp-content\/uploads\/2014\/01\/WhatsApp-Image-2020-03-16-at-13.11.12.jpeg\"><img decoding=\"async\" src=\"https:\/\/salinasgranhotel.com\/en\/wp-content\/uploads\/2014\/01\/WhatsApp-Image-2020-03-16-at-13.11.12-380x310.jpeg\" alt= \"Habitaciones\" title = \"Habitaciones\" \/><\/a><\/div><\/div><div class=\"item-photo element col-sm-4 filter-gallery-1664\"><div class=\"inner\"><a class=\"fancybox\" data-fancybox-group=\"gallery\" href=\"https:\/\/salinasgranhotel.com\/en\/wp-content\/uploads\/2014\/01\/WhatsApp-Image-2020-03-16-at-13.11.12-25.jpeg\"><img decoding=\"async\" src=\"https:\/\/salinasgranhotel.com\/en\/wp-content\/uploads\/2014\/01\/WhatsApp-Image-2020-03-16-at-13.11.12-25-380x310.jpeg\" alt= \"Restaurant\" title = \"Restaurant\" \/><\/a><\/div><\/div><div class=\"item-photo element-item col-sm-4 filter-gallery-1664\"><div class=\"inner\"><a class=\"fancybox\" data-fancybox-group=\"gallery\" href=\"https:\/\/salinasgranhotel.com\/en\/wp-content\/uploads\/2020\/07\/restaurant_salinas_hotal_home-1.jpg\"><img decoding=\"async\" src=\"https:\/\/salinasgranhotel.com\/en\/wp-content\/uploads\/2020\/07\/restaurant_salinas_hotal_home-1.jpg\" alt= \"Restaurant\" title = \"Restaurant\" \/><\/a><\/div><\/div><div class=\"item-photo element col-sm-4 filter-gallery-1664\"><div class=\"inner\"><a class=\"fancybox\" data-fancybox-group=\"gallery\" href=\"https:\/\/salinasgranhotel.com\/en\/wp-content\/uploads\/2015\/01\/WhatsApp-Image-2020-03-16-at-13.11.12-4.jpeg\"><img decoding=\"async\" src=\"https:\/\/salinasgranhotel.com\/en\/wp-content\/uploads\/2015\/01\/WhatsApp-Image-2020-03-16-at-13.11.12-4-380x310.jpeg\" alt= \"Restaurant\" title = \"Restaurant\" \/><\/a><\/div><\/div><div class=\"item-photo element col-sm-4 filter-gallery-1664\"><div class=\"inner\"><a class=\"fancybox\" data-fancybox-group=\"gallery\" href=\"https:\/\/salinasgranhotel.com\/en\/wp-content\/uploads\/2015\/01\/WhatsApp-Image-2020-03-16-at-13.11.12-10.jpeg\"><img decoding=\"async\" src=\"https:\/\/salinasgranhotel.com\/en\/wp-content\/uploads\/2015\/01\/WhatsApp-Image-2020-03-16-at-13.11.12-10-380x310.jpeg\" alt= \"Restaurant\" title = \"Restaurant\" \/><\/a><\/div><\/div><div class=\"item-photo element col-sm-4 filter-gallery-1664\"><div class=\"inner\"><a class=\"fancybox\" data-fancybox-group=\"gallery\" href=\"https:\/\/salinasgranhotel.com\/en\/wp-content\/uploads\/2015\/01\/WhatsApp-Image-2020-03-16-at-13.11.12-15.jpeg\"><img decoding=\"async\" src=\"https:\/\/salinasgranhotel.com\/en\/wp-content\/uploads\/2015\/01\/WhatsApp-Image-2020-03-16-at-13.11.12-15-380x310.jpeg\" alt= \"Restaurant\" title = \"Restaurant\" \/><\/a><\/div><\/div><div class=\"item-photo element col-sm-4 filter-gallery-1664\"><div class=\"inner\"><a class=\"fancybox\" data-fancybox-group=\"gallery\" href=\"https:\/\/salinasgranhotel.com\/en\/wp-content\/uploads\/2015\/01\/WhatsApp-Image-2020-03-16-at-13.11.12-18.jpeg\"><img decoding=\"async\" src=\"https:\/\/salinasgranhotel.com\/en\/wp-content\/uploads\/2015\/01\/WhatsApp-Image-2020-03-16-at-13.11.12-18-380x310.jpeg\" alt= \"Restaurant\" title = \"Restaurant\" \/><\/a><\/div><\/div><div class=\"item-photo element col-sm-4 filter-gallery-1664\"><div class=\"inner\"><a class=\"fancybox\" data-fancybox-group=\"gallery\" href=\"https:\/\/salinasgranhotel.com\/en\/wp-content\/uploads\/2015\/01\/WhatsApp-Image-2020-03-16-at-13.11.12-19.jpeg\"><img decoding=\"async\" src=\"https:\/\/salinasgranhotel.com\/en\/wp-content\/uploads\/2015\/01\/WhatsApp-Image-2020-03-16-at-13.11.12-19-380x310.jpeg\" alt= \"Restaurant\" title = \"Restaurant\" \/><\/a><\/div><\/div><div class=\"item-photo element col-sm-4 filter-gallery-1664\"><div class=\"inner\"><a class=\"fancybox\" data-fancybox-group=\"gallery\" href=\"https:\/\/salinasgranhotel.com\/en\/wp-content\/uploads\/2015\/01\/WhatsApp-Image-2020-03-16-at-13.11.12-21.jpeg\"><img decoding=\"async\" src=\"https:\/\/salinasgranhotel.com\/en\/wp-content\/uploads\/2015\/01\/WhatsApp-Image-2020-03-16-at-13.11.12-21-380x310.jpeg\" alt= \"Restaurant\" title = \"Restaurant\" \/><\/a><\/div><\/div><div class=\"item-photo element col-sm-4 filter-gallery-1661\"><div class=\"inner\"><a class=\"fancybox\" data-fancybox-group=\"gallery\" href=\"https:\/\/salinasgranhotel.com\/en\/wp-content\/uploads\/2020\/07\/WhatsApp-Image-2020-03-16-at-13.11.12-6.jpeg\"><img decoding=\"async\" src=\"https:\/\/salinasgranhotel.com\/en\/wp-content\/uploads\/2020\/07\/WhatsApp-Image-2020-03-16-at-13.11.12-6-380x310.jpeg\" alt= \"Otras\" title = \"Otras\" \/><\/a><\/div><\/div><div class=\"item-photo element col-sm-4 filter-gallery-1661\"><div class=\"inner\"><a class=\"fancybox\" data-fancybox-group=\"gallery\" href=\"https:\/\/salinasgranhotel.com\/en\/wp-content\/uploads\/2020\/07\/WhatsApp-Image-2020-03-16-at-13.11.12-2.jpeg\"><img decoding=\"async\" src=\"https:\/\/salinasgranhotel.com\/en\/wp-content\/uploads\/2020\/07\/WhatsApp-Image-2020-03-16-at-13.11.12-2-380x310.jpeg\" alt= \"Otras\" title = \"Otras\" \/><\/a><\/div><\/div><div class=\"item-photo element col-sm-4 filter-gallery-1661\"><div class=\"inner\"><a class=\"fancybox\" data-fancybox-group=\"gallery\" href=\"https:\/\/salinasgranhotel.com\/en\/wp-content\/uploads\/2015\/01\/WhatsApp-Image-2020-03-16-at-13.11.12-2.jpeg\"><img decoding=\"async\" src=\"https:\/\/salinasgranhotel.com\/en\/wp-content\/uploads\/2015\/01\/WhatsApp-Image-2020-03-16-at-13.11.12-2-380x310.jpeg\" alt= \"Otras\" title = \"Otras\" \/><\/a><\/div><\/div><div class=\"item-photo element col-sm-4 filter-gallery-1661\"><div class=\"inner\"><a class=\"fancybox\" data-fancybox-group=\"gallery\" href=\"https:\/\/salinasgranhotel.com\/en\/wp-content\/uploads\/2015\/01\/WhatsApp-Image-2020-03-16-at-13.11.12-5.jpeg\"><img decoding=\"async\" src=\"https:\/\/salinasgranhotel.com\/en\/wp-content\/uploads\/2015\/01\/WhatsApp-Image-2020-03-16-at-13.11.12-5-380x310.jpeg\" alt= \"Otras\" title = \"Otras\" \/><\/a><\/div><\/div><div class=\"item-photo element col-sm-4 filter-gallery-1661\"><div class=\"inner\"><a class=\"fancybox\" data-fancybox-group=\"gallery\" href=\"https:\/\/salinasgranhotel.com\/en\/wp-content\/uploads\/2015\/01\/WhatsApp-Image-2020-03-16-at-13.11.12-6.jpeg\"><img decoding=\"async\" src=\"https:\/\/salinasgranhotel.com\/en\/wp-content\/uploads\/2015\/01\/WhatsApp-Image-2020-03-16-at-13.11.12-6-380x310.jpeg\" alt= \"Otras\" title = \"Otras\" \/><\/a><\/div><\/div><div class=\"item-photo element col-sm-4 filter-gallery-1661\"><div class=\"inner\"><a class=\"fancybox\" data-fancybox-group=\"gallery\" href=\"https:\/\/salinasgranhotel.com\/en\/wp-content\/uploads\/2015\/01\/WhatsApp-Image-2020-03-16-at-13.11.12-8.jpeg\"><img decoding=\"async\" src=\"https:\/\/salinasgranhotel.com\/en\/wp-content\/uploads\/2015\/01\/WhatsApp-Image-2020-03-16-at-13.11.12-8-380x310.jpeg\" alt= \"Otras\" title = \"Otras\" \/><\/a><\/div><\/div><div class=\"item-photo element col-sm-4 filter-gallery-1661\"><div class=\"inner\"><a class=\"fancybox\" data-fancybox-group=\"gallery\" href=\"https:\/\/salinasgranhotel.com\/en\/wp-content\/uploads\/2015\/01\/WhatsApp-Image-2020-03-16-at-13.11.12-12.jpeg\"><img decoding=\"async\" src=\"https:\/\/salinasgranhotel.com\/en\/wp-content\/uploads\/2015\/01\/WhatsApp-Image-2020-03-16-at-13.11.12-12-380x310.jpeg\" alt= \"Otras\" title = \"Otras\" \/><\/a><\/div><\/div><div class=\"item-photo element col-sm-4 filter-gallery-1661\"><div class=\"inner\"><a class=\"fancybox\" data-fancybox-group=\"gallery\" href=\"https:\/\/salinasgranhotel.com\/en\/wp-content\/uploads\/2015\/01\/WhatsApp-Image-2020-03-16-at-13.11.12-17.jpeg\"><img decoding=\"async\" src=\"https:\/\/salinasgranhotel.com\/en\/wp-content\/uploads\/2015\/01\/WhatsApp-Image-2020-03-16-at-13.11.12-17-380x310.jpeg\" alt= \"Otras\" title = \"Otras\" \/><\/a><\/div><\/div><div class=\"item-photo element col-sm-4 filter-gallery-1661\"><div class=\"inner\"><a class=\"fancybox\" data-fancybox-group=\"gallery\" href=\"https:\/\/salinasgranhotel.com\/en\/wp-content\/uploads\/2015\/01\/WhatsApp-Image-2020-03-16-at-13.11.12-20.jpeg\"><img decoding=\"async\" src=\"https:\/\/salinasgranhotel.com\/en\/wp-content\/uploads\/2015\/01\/WhatsApp-Image-2020-03-16-at-13.11.12-20-380x310.jpeg\" alt= \"Otras\" title = \"Otras\" \/><\/a><\/div><\/div><div class=\"item-photo element col-sm-4 filter-gallery-1661\"><div class=\"inner\"><a class=\"fancybox\" data-fancybox-group=\"gallery\" href=\"https:\/\/salinasgranhotel.com\/en\/wp-content\/uploads\/2015\/01\/WhatsApp-Image-2020-03-16-at-13.11.12-22.jpeg\"><img decoding=\"async\" src=\"https:\/\/salinasgranhotel.com\/en\/wp-content\/uploads\/2015\/01\/WhatsApp-Image-2020-03-16-at-13.11.12-22-380x310.jpeg\" alt= \"Otras\" title = \"Otras\" \/><\/a><\/div><\/div><div class=\"item-photo element col-sm-4 filter-gallery-1661\"><div class=\"inner\"><a class=\"fancybox\" data-fancybox-group=\"gallery\" href=\"https:\/\/salinasgranhotel.com\/en\/wp-content\/uploads\/2015\/01\/WhatsApp-Image-2020-03-16-at-13.11.12-23.jpeg\"><img decoding=\"async\" src=\"https:\/\/salinasgranhotel.com\/en\/wp-content\/uploads\/2015\/01\/WhatsApp-Image-2020-03-16-at-13.11.12-23-380x310.jpeg\" alt= \"Otras\" title = \"Otras\" \/><\/a><\/div><\/div>\t<\/div>\n<\/div><\/div><\/div><\/div><\/div>","protected":false},"excerpt":{"rendered":"<p>Todas las im\u00e1genes de esta secci\u00f3n (Galer\u00eda) y de todo nuestro sitio web, est\u00e1n sujetas a derechos de autor, por lo que antes de descargarlas o copiarlas debe solicitar su autorizaci\u00f3n.<\/p>\n","protected":false},"author":2,"featured_media":0,"parent":0,"menu_order":0,"comment_status":"closed","ping_status":"open","template":"","meta":{"footnotes":""},"class_list":["post-1668","page","type-page","status-publish","hentry"],"_links":{"self":[{"href":"https:\/\/salinasgranhotel.com\/en\/wp-json\/wp\/v2\/pages\/1668","targetHints":{"allow":["GET"]}}],"collection":[{"href":"https:\/\/salinasgranhotel.com\/en\/wp-json\/wp\/v2\/pages"}],"about":[{"href":"https:\/\/salinasgranhotel.com\/en\/wp-json\/wp\/v2\/types\/page"}],"author":[{"embeddable":true,"href":"https:\/\/salinasgranhotel.com\/en\/wp-json\/wp\/v2\/users\/2"}],"replies":[{"embeddable":true,"href":"https:\/\/salinasgranhotel.com\/en\/wp-json\/wp\/v2\/comments?post=1668"}],"version-history":[{"count":14,"href":"https:\/\/salinasgranhotel.com\/en\/wp-json\/wp\/v2\/pages\/1668\/revisions"}],"predecessor-version":[{"id":3890,"href":"https:\/\/salinasgranhotel.com\/en\/wp-json\/wp\/v2\/pages\/1668\/revisions\/3890"}],"wp:attachment":[{"href":"https:\/\/salinasgranhotel.com\/en\/wp-json\/wp\/v2\/media?parent=1668"}],"curies":[{"name":"wp","href":"https:\/\/api.w.org\/{rel}","templated":true}]}}