{"id":1904,"date":"2015-07-06T08:26:09","date_gmt":"2015-07-06T08:26:09","guid":{"rendered":"http:\/\/demo.thimpress.com\/resca\/?page_id=5"},"modified":"2020-08-24T17:49:25","modified_gmt":"2020-08-24T17:49:25","slug":"nuestro-hotel","status":"publish","type":"page","link":"https:\/\/salinasgranhotel.com\/en\/nuestro-hotel\/","title":{"rendered":"Nuestro hotel"},"content":{"rendered":"<div id=\"pl-1904\"  class=\"panel-layout\" ><div id=\"pg-1904-0\"  class=\"panel-grid panel-no-style\" ><div id=\"pgc-1904-0-0\"  class=\"panel-grid-cell\" ><div id=\"panel-1904-0-0-0\" class=\"so-panel widget widget_empty-space panel-first-child panel-last-child\" data-index=\"0\" ><div class=\"thim-widget-empty-space thim-widget-empty-space-base template-base\"><div class=\"empty_space\" style=\"height:30px\"><\/div><\/div><\/div><\/div><\/div><div id=\"pg-1904-1\"  class=\"panel-grid panel-no-style\" ><div id=\"pgc-1904-1-0\"  class=\"panel-grid-cell\" ><div id=\"panel-1904-1-0-0\" class=\"so-panel widget widget_text panel-first-child\" data-index=\"1\" ><h3 class=\"widget-title\">\u00bfD\u00f3nde estamos?<\/h3>\t\t\t<div class=\"textwidget\"><\/div>\n\t\t<\/div><div id=\"panel-1904-1-0-1\" class=\"so-panel widget widget_sow-editor\" data-index=\"2\" ><div\n\t\t\t\n\t\t\tclass=\"so-widget-sow-editor so-widget-sow-editor-base\"\n\t\t\t\n\t\t>\n<div class=\"siteorigin-widget-tinymce textwidget\">\n\t<p><em>Las Salinas Gran Hotel se encuentra ubicado a 180 Km de C\u00f3rdoba capital, a pocos kil\u00f3metros del ingreso a las incre\u00edbles SALINAS GRANDES, en el mismo lugar donde la explotaci\u00f3n salinera da vida al pueblo de San Jos\u00e9 de las Salinas.<\/em><\/p>\n<p><em>Acompa\u00f1ando al m\u00e1gico e incre\u00edble destino tur\u00edstico natural de la zona y con todas las diferentes posibilidades y modalidades de conocerlas que existen durante todo el a\u00f1o.<\/em><\/p>\n<p><em> <strong>Las Salinas Gran Hotel <\/strong>le ofrece al viajero y visitante una propuesta hotelera \u00fanica en la puerta misma del universo m\u00e1gico de Salinas Grandes.<\/em><\/p>\n<p><em>Para su estad\u00eda contamos con una gama de servicios pensados para que el hu\u00e9sped disfrute y viva nuestro hotel en cada momento del d\u00eda, como as\u00ed tambi\u00e9n de un servicio de gastronom\u00eda \u00fanico donde puede degustar los m\u00e1s variados platos de la comida tradicional y acercarse tambi\u00e9n a los manjares de la cocina regional. <\/em><\/p>\n<p><strong><em>Solo 20 habitaciones pensados con todo el confort.<\/em><\/strong><em> Sal\u00f3n de lectura, piscina con sol\u00e1rium, estacionamiento cubierto, lavander\u00eda, servicio de catering, emergencias m\u00e9dicas, guarda equipaje, informaci\u00f3n tur\u00edstica y m\u00e1s.<\/em><\/p>\n<p><em>En s\u00edntesis, una propuesta de alto nivel hotelera, gastron\u00f3mica y de servicios concebidas por el disfrute de sus mejores buenos momentos en un lugar \u00fanico.<\/em><\/p>\n<\/div>\n<\/div><\/div><div id=\"panel-1904-1-0-2\" class=\"so-panel widget widget_empty-space\" data-index=\"3\" ><div class=\"thim-widget-empty-space thim-widget-empty-space-base template-base\"><div class=\"empty_space\" style=\"height:30px\"><\/div><\/div><\/div><div id=\"panel-1904-1-0-3\" class=\"so-panel widget widget_empty-space\" data-index=\"4\" ><div class=\"thim-widget-empty-space thim-widget-empty-space-base template-base\"><div class=\"empty_space\" style=\"height:30px\"><\/div><\/div><\/div><div id=\"panel-1904-1-0-4\" class=\"so-panel widget widget_text\" data-index=\"5\" ><h3 class=\"widget-title\">SERVICIOS<\/h3>\t\t\t<div class=\"textwidget\"><\/div>\n\t\t<\/div><div id=\"panel-1904-1-0-5\" class=\"so-panel widget widget_sow-image panel-last-child\" data-index=\"6\" ><div\n\t\t\t\n\t\t\tclass=\"so-widget-sow-image so-widget-sow-image-default-4e6925654b7a-1904\"\n\t\t\t\n\t\t>\n<div class=\"sow-image-container\">\n\t\t<img \n\tsrc=\"https:\/\/salinasgranhotel.com\/en\/wp-content\/uploads\/2020\/08\/servicios_final.png\" width=\"760\" height=\"310\" srcset=\"https:\/\/salinasgranhotel.com\/en\/wp-content\/uploads\/2020\/08\/servicios_final.png 760w, https:\/\/salinasgranhotel.com\/en\/wp-content\/uploads\/2020\/08\/servicios_final-300x122.png 300w, https:\/\/salinasgranhotel.com\/en\/wp-content\/uploads\/2020\/08\/servicios_final-600x245.png 600w\" sizes=\"(max-width: 760px) 100vw, 760px\" alt=\"\" \t\tclass=\"so-widget-image\"\/>\n\t<\/div>\n\n<\/div><\/div><\/div><div id=\"pgc-1904-1-1\"  class=\"panel-grid-cell\" ><div id=\"panel-1904-1-1-0\" class=\"so-panel widget widget_text panel-first-child\" data-index=\"7\" ><h3 class=\"widget-title\">\u00bfDesea consultar disponibilidad?<\/h3>\t\t\t<div class=\"textwidget\"><\/div>\n\t\t<\/div><div id=\"panel-1904-1-1-1\" class=\"so-panel widget widget_text\" data-index=\"8\" >\t\t\t<div class=\"textwidget\">\n<div class=\"wpcf7 no-js\" id=\"wpcf7-f2936-o1\" lang=\"en-US\" dir=\"ltr\" data-wpcf7-id=\"2936\">\n<div class=\"screen-reader-response\"><p role=\"status\" aria-live=\"polite\" aria-atomic=\"true\"><\/p> <ul><\/ul><\/div>\n<form action=\"\/en\/wp-json\/wp\/v2\/pages\/1904#wpcf7-f2936-o1\" method=\"post\" class=\"wpcf7-form init\" aria-label=\"Contact form\" novalidate=\"novalidate\" data-status=\"init\">\n<fieldset class=\"hidden-fields-container\"><input type=\"hidden\" name=\"_wpcf7\" value=\"2936\" \/><input type=\"hidden\" name=\"_wpcf7_version\" value=\"6.1.5\" \/><input type=\"hidden\" name=\"_wpcf7_locale\" value=\"en_US\" \/><input type=\"hidden\" name=\"_wpcf7_unit_tag\" value=\"wpcf7-f2936-o1\" \/><input type=\"hidden\" name=\"_wpcf7_container_post\" value=\"0\" \/><input type=\"hidden\" name=\"_wpcf7_posted_data_hash\" value=\"\" \/>\n<\/fieldset>\n<div class=\"thim-sc-book-email\">\n\t<h3> Por favor ingrese sus datos\n\t<\/h3>\n\t<div class=\"thim-bookroom\">\n\t\t<div class=\"bookroom-wrapper row\">\n\t\t\t<div class=\"col-sm-6 with-icon\">\n\t\t\t\t<p><span class=\"wpcf7-form-control-wrap\" data-name=\"full-name\"><input size=\"40\" maxlength=\"400\" class=\"wpcf7-form-control wpcf7-text wpcf7-validates-as-required\" aria-required=\"true\" aria-invalid=\"false\" placeholder=\"Nombre completo*\" value=\"\" type=\"text\" name=\"full-name\" \/><\/span>\n\t\t\t\t<\/p>\n\t\t\t<\/div>\n\t\t\t<div class=\"col-sm-6 with-icon\">\n\t\t\t\t<p><span class=\"wpcf7-form-control-wrap\" data-name=\"your-phone\"><input size=\"40\" maxlength=\"400\" class=\"wpcf7-form-control wpcf7-tel wpcf7-validates-as-required wpcf7-text wpcf7-validates-as-tel\" aria-required=\"true\" aria-invalid=\"false\" placeholder=\"N\u00famero de Tel\u00e9fono*\" value=\"\" type=\"tel\" name=\"your-phone\" \/><\/span>\n\t\t\t\t<\/p>\n\t\t\t<\/div>\n\t\t<\/div>\n\t\t<div class=\"bookroom-wrapper row\">\n\t\t\t<div class=\"col-sm-6 with-icon\">\n\t\t\t\t<p><span class=\"wpcf7-form-control-wrap\" data-name=\"your-email\"><input size=\"40\" maxlength=\"400\" class=\"wpcf7-form-control wpcf7-email wpcf7-validates-as-required wpcf7-text wpcf7-validates-as-email\" aria-required=\"true\" aria-invalid=\"false\" placeholder=\"Mail*\" value=\"\" type=\"email\" name=\"your-email\" \/><\/span>\n\t\t\t\t<\/p>\n\t\t\t<\/div>\n\t\t\t<div class=\"col-sm-6 with-icon\">\n\t\t\t\t<p><span class=\"wpcf7-form-control-wrap\" data-name=\"your-address\"><input size=\"40\" maxlength=\"400\" class=\"wpcf7-form-control wpcf7-text wpcf7-validates-as-required\" aria-required=\"true\" aria-invalid=\"false\" placeholder=\"Direcci\u00f3n*\" value=\"\" type=\"text\" name=\"your-address\" \/><\/span>\n\t\t\t\t<\/p>\n\t\t\t<\/div>\n\t\t<\/div>\n\t\t<div class=\"bookroom-wrapper row\">\n\t\t\t<div class=\"col-sm-6 with-icon\">\n\t\t\t\t<p><span class=\"wpcf7-form-control-wrap\" data-name=\"date-in\"><input size=\"40\" maxlength=\"400\" class=\"wpcf7-form-control wpcf7-text wpcf7-validates-as-required date-in-bookroom\" aria-required=\"true\" aria-invalid=\"false\" placeholder=\"Fecha de ingreso*\" value=\"\" type=\"text\" name=\"date-in\" \/><\/span>\n\t\t\t\t<\/p>\n\t\t\t<\/div>\n\t\t\t<div class=\"col-sm-6 with-icon\">\n\t\t\t\t<p><span class=\"wpcf7-form-control-wrap\" data-name=\"date-out\"><input size=\"40\" maxlength=\"400\" class=\"wpcf7-form-control wpcf7-text wpcf7-validates-as-required date-out-bookroom\" aria-required=\"true\" aria-invalid=\"false\" placeholder=\"Fecha de salida*\" value=\"\" type=\"text\" name=\"date-out\" \/><\/span>\n\t\t\t\t<\/p>\n\t\t\t<\/div>\n\t\t<\/div>\n\t\t<div class=\"bookroom-wrapper row\">\n\t\t\t<div class=\"col-sm-6\">\n\t\t\t\t<p><span class=\"wpcf7-form-control-wrap\" data-name=\"guest\"><select class=\"wpcf7-form-control wpcf7-select\" aria-invalid=\"false\" name=\"guest\"><option value=\"Adultos\">Adultos<\/option><option value=\"1\">1<\/option><option value=\"2\">2<\/option><option value=\"3\">3<\/option><option value=\"4\">4<\/option><option value=\"5\">5<\/option><option value=\"6\">6<\/option><option value=\"7\">7<\/option><\/select><\/span>\n\t\t\t\t<\/p>\n\t\t\t<\/div>\n\t\t\t<div class=\"col-sm-6\">\n\t\t\t\t<p><span class=\"wpcf7-form-control-wrap\" data-name=\"children\"><select class=\"wpcf7-form-control wpcf7-select\" aria-invalid=\"false\" name=\"children\"><option value=\"Ni\u00f1os\">Ni\u00f1os<\/option><option value=\"1\">1<\/option><option value=\"2\">2<\/option><option value=\"3\">3<\/option><option value=\"4\">4<\/option><option value=\"5\">5<\/option><option value=\"6\">6<\/option><option value=\"7\">7<\/option><\/select><\/span>\n\t\t\t\t<\/p>\n\t\t\t<\/div>\n\t\t<\/div>\n\t\t<div class=\"bookroom-wrapper row\">\n\t\t\t<div class=\"col-sm-12 with-icon\">\n\t\t\t\t<p><span class=\"wpcf7-form-control-wrap\" data-name=\"note\"><textarea cols=\"40\" rows=\"10\" maxlength=\"2000\" class=\"wpcf7-form-control wpcf7-textarea\" aria-invalid=\"false\" placeholder=\"Nota\" name=\"note\"><\/textarea><\/span>\n\t\t\t\t<\/p>\n\t\t\t<\/div>\n\t\t<\/div>\n\t\t<div class=\"bookroom-wrapper row\">\n\t\t\t<div class=\"col-sm-12\">\n\t\t\t\t<p><input class=\"wpcf7-form-control wpcf7-submit has-spinner\" type=\"submit\" value=\"Consultar disponibilidad\" \/>\n\t\t\t\t<\/p>\n\t\t\t<\/div>\n\t\t<\/div>\n\t<\/div>\n<\/div><div class=\"wpcf7-response-output\" aria-hidden=\"true\"><\/div>\n<\/form>\n<\/div>\n<\/div>\n\t\t<\/div><div id=\"panel-1904-1-1-2\" class=\"so-panel widget widget_gallery-images panel-last-child\" data-index=\"9\" ><div class=\"panel-widget-style panel-widget-style-for-1904-1-1-2\" ><div class=\"thim-widget-gallery-images thim-widget-gallery-images-base template-base\"><div class=\"thim-gallery-images owl-carousel gallery-img \"><div class=\"item\"><img src =\"https:\/\/salinasgranhotel.com\/en\/wp-content\/uploads\/2015\/01\/WhatsApp-Image-2020-03-16-at-13.11.12-22.jpeg\" width=\"1280\" height=\"720\" alt= \"Nuestro hotel\" \/><\/div><div class=\"item\"><img src =\"https:\/\/salinasgranhotel.com\/en\/wp-content\/uploads\/2015\/01\/WhatsApp-Image-2020-03-16-at-13.11.12-23.jpeg\" width=\"1280\" height=\"853\" alt= \"Nuestro hotel\" \/><\/div><div class=\"item\"><img src =\"https:\/\/salinasgranhotel.com\/en\/wp-content\/uploads\/2015\/01\/WhatsApp-Image-2020-03-16-at-13.11.12-20.jpeg\" width=\"1280\" height=\"853\" alt= \"Nuestro hotel\" \/><\/div><div class=\"item\"><img src =\"https:\/\/salinasgranhotel.com\/en\/wp-content\/uploads\/2015\/01\/WhatsApp-Image-2020-03-16-at-13.11.12-12.jpeg\" width=\"1280\" height=\"853\" alt= \"Nuestro hotel\" \/><\/div><div class=\"item\"><img src =\"https:\/\/salinasgranhotel.com\/en\/wp-content\/uploads\/2015\/01\/WhatsApp-Image-2020-03-16-at-13.11.12-8.jpeg\" width=\"1280\" height=\"853\" alt= \"Nuestro hotel\" \/><\/div><div class=\"item\"><img src =\"https:\/\/salinasgranhotel.com\/en\/wp-content\/uploads\/2015\/01\/WhatsApp-Image-2020-03-16-at-13.11.12-6.jpeg\" width=\"1280\" height=\"853\" alt= \"Nuestro hotel\" \/><\/div><div class=\"item\"><img src =\"https:\/\/salinasgranhotel.com\/en\/wp-content\/uploads\/2015\/01\/WhatsApp-Image-2020-03-16-at-13.11.12-5.jpeg\" width=\"1280\" height=\"853\" alt= \"Nuestro hotel\" \/><\/div><div class=\"item\"><img src =\"https:\/\/salinasgranhotel.com\/en\/wp-content\/uploads\/2015\/01\/WhatsApp-Image-2020-03-16-at-13.11.12-2.jpeg\" width=\"1280\" height=\"853\" alt= \"Nuestro hotel\" \/><\/div><div class=\"item\"><img src =\"https:\/\/salinasgranhotel.com\/en\/wp-content\/uploads\/2015\/01\/WhatsApp-Image-2020-03-16-at-13.11.12-19.jpeg\" width=\"1280\" height=\"853\" alt= \"Nuestro hotel\" \/><\/div><div class=\"item\"><img src =\"https:\/\/salinasgranhotel.com\/en\/wp-content\/uploads\/2015\/01\/WhatsApp-Image-2020-03-16-at-13.11.12-18.jpeg\" width=\"1280\" height=\"853\" alt= \"Nuestro hotel\" \/><\/div><div class=\"item\"><img src =\"https:\/\/salinasgranhotel.com\/en\/wp-content\/uploads\/2015\/01\/WhatsApp-Image-2020-03-16-at-13.11.12-15.jpeg\" width=\"1280\" height=\"853\" alt= \"Nuestro hotel\" \/><\/div><div class=\"item\"><img src =\"https:\/\/salinasgranhotel.com\/en\/wp-content\/uploads\/2015\/01\/WhatsApp-Image-2020-03-16-at-13.11.12-10.jpeg\" width=\"1280\" height=\"853\" alt= \"Nuestro hotel\" \/><\/div><div class=\"item\"><img src =\"https:\/\/salinasgranhotel.com\/en\/wp-content\/uploads\/2015\/01\/WhatsApp-Image-2020-03-16-at-13.11.12-4.jpeg\" width=\"1280\" height=\"853\" alt= \"Nuestro hotel\" \/><\/div><div class=\"item\"><img src =\"https:\/\/salinasgranhotel.com\/en\/wp-content\/uploads\/2014\/01\/WhatsApp-Image-2020-03-16-at-13.11.12.jpeg\" width=\"1280\" height=\"853\" alt= \"Nuestro hotel\" \/><\/div><\/div><\/div><\/div><\/div><\/div><\/div><\/div>","protected":false},"excerpt":{"rendered":"<p>Las Salinas Gran Hotel se encuentra ubicado a 180 Km de C\u00f3rdoba capital, a pocos kil\u00f3metros del ingreso a las incre\u00edbles SALINAS GRANDES, en el mismo lugar donde la explotaci\u00f3n salinera da vida al pueblo de San Jos\u00e9 de las Salinas. Acompa\u00f1ando al m\u00e1gico e incre\u00edble destino tur\u00edstico natural de la zona y con todas [&hellip;]<\/p>\n","protected":false},"author":2,"featured_media":0,"parent":0,"menu_order":0,"comment_status":"closed","ping_status":"closed","template":"","meta":{"footnotes":""},"class_list":["post-1904","page","type-page","status-publish","hentry"],"_links":{"self":[{"href":"https:\/\/salinasgranhotel.com\/en\/wp-json\/wp\/v2\/pages\/1904","targetHints":{"allow":["GET"]}}],"collection":[{"href":"https:\/\/salinasgranhotel.com\/en\/wp-json\/wp\/v2\/pages"}],"about":[{"href":"https:\/\/salinasgranhotel.com\/en\/wp-json\/wp\/v2\/types\/page"}],"author":[{"embeddable":true,"href":"https:\/\/salinasgranhotel.com\/en\/wp-json\/wp\/v2\/users\/2"}],"replies":[{"embeddable":true,"href":"https:\/\/salinasgranhotel.com\/en\/wp-json\/wp\/v2\/comments?post=1904"}],"version-history":[{"count":75,"href":"https:\/\/salinasgranhotel.com\/en\/wp-json\/wp\/v2\/pages\/1904\/revisions"}],"predecessor-version":[{"id":3836,"href":"https:\/\/salinasgranhotel.com\/en\/wp-json\/wp\/v2\/pages\/1904\/revisions\/3836"}],"wp:attachment":[{"href":"https:\/\/salinasgranhotel.com\/en\/wp-json\/wp\/v2\/media?parent=1904"}],"curies":[{"name":"wp","href":"https:\/\/api.w.org\/{rel}","templated":true}]}}