{"id":3310,"date":"2020-07-21T23:35:39","date_gmt":"2020-07-21T23:35:39","guid":{"rendered":"https:\/\/salinasgranhotel.com\/en\/?page_id=3310"},"modified":"2020-08-24T17:51:49","modified_gmt":"2020-08-24T17:51:49","slug":"habitaciones","status":"publish","type":"page","link":"https:\/\/salinasgranhotel.com\/en\/habitaciones\/","title":{"rendered":"Habitaciones"},"content":{"rendered":"<div id=\"pl-3310\"  class=\"panel-layout\" ><div id=\"pg-3310-0\"  class=\"panel-grid panel-no-style\" ><div id=\"pgc-3310-0-0\"  class=\"panel-grid-cell panel-grid-cell-empty\" ><\/div><\/div><div id=\"pg-3310-1\"  class=\"panel-grid panel-no-style\" ><div id=\"pgc-3310-1-0\"  class=\"panel-grid-cell\" ><div id=\"panel-3310-1-0-0\" class=\"so-panel widget widget_text panel-first-child\" data-index=\"0\" ><h3 class=\"widget-title\">Modernas instalaciones<\/h3>\t\t\t<div class=\"textwidget\"><strong>Salinas Gran Hotel<\/strong>\u00a0posee 18 modernas habitaciones est\u00e1ndar, 1 habitaci\u00f3n adaptada para visitantes con capacidades diferentes y 1 habitaci\u00f3n en suite\n\n<strong><em>Nuestras instalaciones ofrecen al pasajero una experiencia confortable y de calidad.<\/em><\/strong><\/div>\n\t\t<\/div><div id=\"panel-3310-1-0-1\" class=\"so-panel widget widget_gallery-images\" data-index=\"1\" ><div class=\"thim-widget-gallery-images thim-widget-gallery-images-base template-base\"><div class=\"thim-gallery-images owl-carousel gallery-img \"><div class=\"item\"><img src =\"https:\/\/salinasgranhotel.com\/en\/wp-content\/uploads\/2014\/01\/WhatsApp-Image-2020-03-16-at-13.11.12-24.jpeg\" width=\"1280\" height=\"853\" alt= \"Habitaciones\" \/><\/div><div class=\"item\"><img src =\"https:\/\/salinasgranhotel.com\/en\/wp-content\/uploads\/2014\/01\/WhatsApp-Image-2020-03-16-at-13.11.12-1.jpeg\" width=\"1280\" height=\"853\" alt= \"Habitaciones\" \/><\/div><div class=\"item\"><img src =\"https:\/\/salinasgranhotel.com\/en\/wp-content\/uploads\/2014\/01\/WhatsApp-Image-2020-03-16-at-13.11.12.jpeg\" width=\"1280\" height=\"853\" alt= \"Habitaciones\" \/><\/div><div class=\"item\"><img src =\"https:\/\/salinasgranhotel.com\/en\/wp-content\/uploads\/revslider\/slider-4\/slide2.jpg\" width=\"1600\" height=\"974\" alt= \"Habitaciones\" \/><\/div><\/div><\/div><\/div><div id=\"panel-3310-1-0-2\" class=\"so-panel widget widget_sow-editor\" data-index=\"2\" ><div\n\t\t\t\n\t\t\tclass=\"so-widget-sow-editor so-widget-sow-editor-base\"\n\t\t\t\n\t\t>\n<div class=\"siteorigin-widget-tinymce textwidget\">\n\t<ul>\n<li><b>Habitaciones est\u00e1ndar:<\/b> disponen de ba\u00f1o con ba\u00f1era o ducha. Calefacci\u00f3n en invierno y aire acondicionado en verano.<\/li>\n<\/ul>\n<p>&nbsp;<\/p>\n<ul>\n<li><b>Habitaci\u00f3n doble:<\/b> de uso individual para 1 persona con cama matrimonial.<\/li>\n<\/ul>\n<p>&nbsp;<\/p>\n<ul>\n<li><b>Habitaci\u00f3n en Suite:<\/b> est\u00e1 dise\u00f1ada particularmente para familias, as\u00ed como para parejas y amigos, y catalogada como un verdadero \u201chogar fuera de casa\u201d, esta espaciosa Suite es una habitaci\u00f3n que cuenta con decoraci\u00f3n personalizada.<\/li>\n<\/ul>\n<p>&nbsp;<\/p>\n<ul>\n<li><b>Habitaci\u00f3n con espacios para capacidades diferentes:<\/b> ha sido adaptada para tales necesidades.<\/li>\n<\/ul>\n<\/div>\n<\/div><\/div><div id=\"panel-3310-1-0-3\" class=\"so-panel widget widget_text panel-last-child\" data-index=\"3\" >\t\t\t<div class=\"textwidget\"><div class=\"information_services\"><i class=\"fa fa-coffee\"> |<\/i>\n<i class=\"fa fa-wifi\"> |<\/i>\n<i class=\"fa fa-cutlery\"> |<\/i>\n<i class=\"fa fa-television\"> |<\/i>\n<i class=\"fa fa-wheelchair\"><\/i><\/div><\/div>\n\t\t<\/div><\/div><div id=\"pgc-3310-1-1\"  class=\"panel-grid-cell\" ><div id=\"panel-3310-1-1-0\" class=\"so-panel widget widget_text panel-first-child\" data-index=\"4\" ><h3 class=\"widget-title\">\u00bfDesea consultar disponibilidad?<\/h3>\t\t\t<div class=\"textwidget\"><\/div>\n\t\t<\/div><div id=\"panel-3310-1-1-1\" class=\"so-panel widget widget_text panel-last-child\" data-index=\"5\" >\t\t\t<div class=\"textwidget\">\n<div class=\"wpcf7 no-js\" id=\"wpcf7-f2936-o1\" lang=\"en-US\" dir=\"ltr\" data-wpcf7-id=\"2936\">\n<div class=\"screen-reader-response\"><p role=\"status\" aria-live=\"polite\" aria-atomic=\"true\"><\/p> <ul><\/ul><\/div>\n<form action=\"\/en\/wp-json\/wp\/v2\/pages\/3310#wpcf7-f2936-o1\" method=\"post\" class=\"wpcf7-form init\" aria-label=\"Contact form\" novalidate=\"novalidate\" data-status=\"init\">\n<fieldset class=\"hidden-fields-container\"><input type=\"hidden\" name=\"_wpcf7\" value=\"2936\" \/><input type=\"hidden\" name=\"_wpcf7_version\" value=\"6.1.5\" \/><input type=\"hidden\" name=\"_wpcf7_locale\" value=\"en_US\" \/><input type=\"hidden\" name=\"_wpcf7_unit_tag\" value=\"wpcf7-f2936-o1\" \/><input type=\"hidden\" name=\"_wpcf7_container_post\" value=\"0\" \/><input type=\"hidden\" name=\"_wpcf7_posted_data_hash\" value=\"\" \/>\n<\/fieldset>\n<div class=\"thim-sc-book-email\">\n\t<h3> Por favor ingrese sus datos\n\t<\/h3>\n\t<div class=\"thim-bookroom\">\n\t\t<div class=\"bookroom-wrapper row\">\n\t\t\t<div class=\"col-sm-6 with-icon\">\n\t\t\t\t<p><span class=\"wpcf7-form-control-wrap\" data-name=\"full-name\"><input size=\"40\" maxlength=\"400\" class=\"wpcf7-form-control wpcf7-text wpcf7-validates-as-required\" aria-required=\"true\" aria-invalid=\"false\" placeholder=\"Nombre completo*\" value=\"\" type=\"text\" name=\"full-name\" \/><\/span>\n\t\t\t\t<\/p>\n\t\t\t<\/div>\n\t\t\t<div class=\"col-sm-6 with-icon\">\n\t\t\t\t<p><span class=\"wpcf7-form-control-wrap\" data-name=\"your-phone\"><input size=\"40\" maxlength=\"400\" class=\"wpcf7-form-control wpcf7-tel wpcf7-validates-as-required wpcf7-text wpcf7-validates-as-tel\" aria-required=\"true\" aria-invalid=\"false\" placeholder=\"N\u00famero de Tel\u00e9fono*\" value=\"\" type=\"tel\" name=\"your-phone\" \/><\/span>\n\t\t\t\t<\/p>\n\t\t\t<\/div>\n\t\t<\/div>\n\t\t<div class=\"bookroom-wrapper row\">\n\t\t\t<div class=\"col-sm-6 with-icon\">\n\t\t\t\t<p><span class=\"wpcf7-form-control-wrap\" data-name=\"your-email\"><input size=\"40\" maxlength=\"400\" class=\"wpcf7-form-control wpcf7-email wpcf7-validates-as-required wpcf7-text wpcf7-validates-as-email\" aria-required=\"true\" aria-invalid=\"false\" placeholder=\"Mail*\" value=\"\" type=\"email\" name=\"your-email\" \/><\/span>\n\t\t\t\t<\/p>\n\t\t\t<\/div>\n\t\t\t<div class=\"col-sm-6 with-icon\">\n\t\t\t\t<p><span class=\"wpcf7-form-control-wrap\" data-name=\"your-address\"><input size=\"40\" maxlength=\"400\" class=\"wpcf7-form-control wpcf7-text wpcf7-validates-as-required\" aria-required=\"true\" aria-invalid=\"false\" placeholder=\"Direcci\u00f3n*\" value=\"\" type=\"text\" name=\"your-address\" \/><\/span>\n\t\t\t\t<\/p>\n\t\t\t<\/div>\n\t\t<\/div>\n\t\t<div class=\"bookroom-wrapper row\">\n\t\t\t<div class=\"col-sm-6 with-icon\">\n\t\t\t\t<p><span class=\"wpcf7-form-control-wrap\" data-name=\"date-in\"><input size=\"40\" maxlength=\"400\" class=\"wpcf7-form-control wpcf7-text wpcf7-validates-as-required date-in-bookroom\" aria-required=\"true\" aria-invalid=\"false\" placeholder=\"Fecha de ingreso*\" value=\"\" type=\"text\" name=\"date-in\" \/><\/span>\n\t\t\t\t<\/p>\n\t\t\t<\/div>\n\t\t\t<div class=\"col-sm-6 with-icon\">\n\t\t\t\t<p><span class=\"wpcf7-form-control-wrap\" data-name=\"date-out\"><input size=\"40\" maxlength=\"400\" class=\"wpcf7-form-control wpcf7-text wpcf7-validates-as-required date-out-bookroom\" aria-required=\"true\" aria-invalid=\"false\" placeholder=\"Fecha de salida*\" value=\"\" type=\"text\" name=\"date-out\" \/><\/span>\n\t\t\t\t<\/p>\n\t\t\t<\/div>\n\t\t<\/div>\n\t\t<div class=\"bookroom-wrapper row\">\n\t\t\t<div class=\"col-sm-6\">\n\t\t\t\t<p><span class=\"wpcf7-form-control-wrap\" data-name=\"guest\"><select class=\"wpcf7-form-control wpcf7-select\" aria-invalid=\"false\" name=\"guest\"><option value=\"Adultos\">Adultos<\/option><option value=\"1\">1<\/option><option value=\"2\">2<\/option><option value=\"3\">3<\/option><option value=\"4\">4<\/option><option value=\"5\">5<\/option><option value=\"6\">6<\/option><option value=\"7\">7<\/option><\/select><\/span>\n\t\t\t\t<\/p>\n\t\t\t<\/div>\n\t\t\t<div class=\"col-sm-6\">\n\t\t\t\t<p><span class=\"wpcf7-form-control-wrap\" data-name=\"children\"><select class=\"wpcf7-form-control wpcf7-select\" aria-invalid=\"false\" name=\"children\"><option value=\"Ni\u00f1os\">Ni\u00f1os<\/option><option value=\"1\">1<\/option><option value=\"2\">2<\/option><option value=\"3\">3<\/option><option value=\"4\">4<\/option><option value=\"5\">5<\/option><option value=\"6\">6<\/option><option value=\"7\">7<\/option><\/select><\/span>\n\t\t\t\t<\/p>\n\t\t\t<\/div>\n\t\t<\/div>\n\t\t<div class=\"bookroom-wrapper row\">\n\t\t\t<div class=\"col-sm-12 with-icon\">\n\t\t\t\t<p><span class=\"wpcf7-form-control-wrap\" data-name=\"note\"><textarea cols=\"40\" rows=\"10\" maxlength=\"2000\" class=\"wpcf7-form-control wpcf7-textarea\" aria-invalid=\"false\" placeholder=\"Nota\" name=\"note\"><\/textarea><\/span>\n\t\t\t\t<\/p>\n\t\t\t<\/div>\n\t\t<\/div>\n\t\t<div class=\"bookroom-wrapper row\">\n\t\t\t<div class=\"col-sm-12\">\n\t\t\t\t<p><input class=\"wpcf7-form-control wpcf7-submit has-spinner\" type=\"submit\" value=\"Consultar disponibilidad\" \/>\n\t\t\t\t<\/p>\n\t\t\t<\/div>\n\t\t<\/div>\n\t<\/div>\n<\/div><div class=\"wpcf7-response-output\" aria-hidden=\"true\"><\/div>\n<\/form>\n<\/div>\n<\/div>\n\t\t<\/div><\/div><\/div><div id=\"pg-3310-2\"  class=\"panel-grid panel-no-style\" ><div id=\"pgc-3310-2-0\"  class=\"panel-grid-cell panel-grid-cell-empty\" ><\/div><\/div><\/div>","protected":false},"excerpt":{"rendered":"<p>Salinas Gran Hotel\u00a0posee 18 modernas habitaciones est\u00e1ndar, 1 habitaci\u00f3n adaptada para visitantes con capacidades diferentes y 1 habitaci\u00f3n en suite Nuestras instalaciones ofrecen al pasajero una experiencia confortable y de calidad. Habitaciones est\u00e1ndar: disponen de ba\u00f1o con ba\u00f1era o ducha. Calefacci\u00f3n en invierno y aire acondicionado en verano. &nbsp; Habitaci\u00f3n doble: de uso individual para [&hellip;]<\/p>\n","protected":false},"author":2,"featured_media":0,"parent":0,"menu_order":0,"comment_status":"closed","ping_status":"closed","template":"","meta":{"footnotes":""},"class_list":["post-3310","page","type-page","status-publish","hentry"],"_links":{"self":[{"href":"https:\/\/salinasgranhotel.com\/en\/wp-json\/wp\/v2\/pages\/3310","targetHints":{"allow":["GET"]}}],"collection":[{"href":"https:\/\/salinasgranhotel.com\/en\/wp-json\/wp\/v2\/pages"}],"about":[{"href":"https:\/\/salinasgranhotel.com\/en\/wp-json\/wp\/v2\/types\/page"}],"author":[{"embeddable":true,"href":"https:\/\/salinasgranhotel.com\/en\/wp-json\/wp\/v2\/users\/2"}],"replies":[{"embeddable":true,"href":"https:\/\/salinasgranhotel.com\/en\/wp-json\/wp\/v2\/comments?post=3310"}],"version-history":[{"count":138,"href":"https:\/\/salinasgranhotel.com\/en\/wp-json\/wp\/v2\/pages\/3310\/revisions"}],"predecessor-version":[{"id":3840,"href":"https:\/\/salinasgranhotel.com\/en\/wp-json\/wp\/v2\/pages\/3310\/revisions\/3840"}],"wp:attachment":[{"href":"https:\/\/salinasgranhotel.com\/en\/wp-json\/wp\/v2\/media?parent=3310"}],"curies":[{"name":"wp","href":"https:\/\/api.w.org\/{rel}","templated":true}]}}