{"id":3344,"date":"2020-07-22T09:31:55","date_gmt":"2020-07-22T09:31:55","guid":{"rendered":"https:\/\/salinasgranhotel.com\/en\/?page_id=3344"},"modified":"2020-09-02T22:36:55","modified_gmt":"2020-09-02T22:36:55","slug":"decauville-resto-bar","status":"publish","type":"page","link":"https:\/\/salinasgranhotel.com\/en\/decauville-resto-bar\/","title":{"rendered":"DECAUVILLE Resto-Bar"},"content":{"rendered":"<div id=\"pl-3344\"  class=\"panel-layout\" ><div id=\"pg-3344-0\"  class=\"panel-grid panel-no-style\" ><div id=\"pgc-3344-0-0\"  class=\"panel-grid-cell\" ><div id=\"panel-3344-0-0-0\" class=\"so-panel widget widget_empty-space panel-first-child\" data-index=\"0\" ><div class=\"thim-widget-empty-space thim-widget-empty-space-base template-base\"><div class=\"empty_space\" style=\"height:30px\"><\/div><\/div><\/div><div id=\"panel-3344-0-0-1\" class=\"so-panel widget widget_empty-space\" data-index=\"1\" ><div class=\"thim-widget-empty-space thim-widget-empty-space-base template-base\"><div class=\"empty_space\" style=\"height:30px\"><\/div><\/div><\/div><div id=\"panel-3344-0-0-2\" class=\"so-panel widget widget_media_image panel-last-child\" data-index=\"2\" ><img loading=\"lazy\" decoding=\"async\" width=\"300\" height=\"146\" src=\"https:\/\/salinasgranhotel.com\/en\/wp-content\/uploads\/2020\/09\/LOGO-DECAUVILLE-300x146.jpg\" class=\"image wp-image-3892  attachment-medium size-medium\" alt=\"\" style=\"max-width: 100%; height: auto;\" srcset=\"https:\/\/salinasgranhotel.com\/en\/wp-content\/uploads\/2020\/09\/LOGO-DECAUVILLE-300x146.jpg 300w, https:\/\/salinasgranhotel.com\/en\/wp-content\/uploads\/2020\/09\/LOGO-DECAUVILLE-768x373.jpg 768w, https:\/\/salinasgranhotel.com\/en\/wp-content\/uploads\/2020\/09\/LOGO-DECAUVILLE-600x291.jpg 600w, https:\/\/salinasgranhotel.com\/en\/wp-content\/uploads\/2020\/09\/LOGO-DECAUVILLE.jpg 797w\" sizes=\"auto, (max-width: 300px) 100vw, 300px\" \/><\/div><\/div><div id=\"pgc-3344-0-1\"  class=\"panel-grid-cell\" ><div id=\"panel-3344-0-1-0\" class=\"so-panel widget widget_empty-space panel-first-child\" data-index=\"3\" ><div class=\"thim-widget-empty-space thim-widget-empty-space-base template-base\"><div class=\"empty_space\" style=\"height:30px\"><\/div><\/div><\/div><div id=\"panel-3344-0-1-1\" class=\"so-panel widget widget_empty-space\" data-index=\"4\" ><div class=\"thim-widget-empty-space thim-widget-empty-space-base template-base\"><div class=\"empty_space\" style=\"height:30px\"><\/div><\/div><\/div><div id=\"panel-3344-0-1-2\" class=\"so-panel widget widget_icon-box panel-last-child\" data-index=\"5\" ><div class=\"panel-widget-style panel-widget-style-for-3344-0-1-2\" ><div class=\"thim-widget-icon-box thim-widget-icon-box-base template-base\"><div class=\"inner-box \"><div  class=\"wrapper-box-icon text-center   wrapper-line-heading\" ><div class=\"smicon-box iconbox-top\"><div class=\"content-inner\" ><div class=\"desc-icon-box\"><div ><p>Es nuestro c\u00e1lido y tranquilo restaurant donde tanto el hu\u00e9sped como el visitante puede almorzar y cenar lo mejor de la comida tradicional o  platos de la comida regional, adem\u00e1s de tomar una copa, degustar alg\u00fan tentempi\u00e9 o simplemente pedir un caf\u00e9. <\/p>\n<p>Su nombre <strong>Decauville<\/strong>, es un intento del hotel en homenajear a un elemento ic\u00f3nico de la tradici\u00f3n salinera. Esas peque\u00f1as tolvas salineras que, sobre rieles de trocha chica, transportaron durante a\u00f1os la producci\u00f3n zonal de la sal, hicieron un poco m\u00e1s f\u00e1cil para los hombres de la sal, el arduo trabajo de su traslado y, en ese homenaje hacerlo extensivo a todos los trabajadores de la sal. <\/p>\n<p>En <strong>Decauville<\/strong>, podra degustar los m\u00e1s variados platos de la comida tradicional y acercarse tambi\u00e9n a los manjares de aut\u00e9ntica cocina regional, en su experiencia culinaria \u00fanica, original donde alimentos y sus sabores son tratados como una parte esencial de la cultura del norte cordob\u00e9s.<\/p>\n<p>\u201cLas tradiciones regionales de preparaci\u00f3n de alimentos, las costumbres y los ingredientes a menudo, se combinan para crear platos \u00fanicos para una regi\u00f3n en particular\u201d. Sin duda, esa es la intenci\u00f3n de <strong>Decauville<\/strong> Resto-Bar, porque cada vez que se piensa un plato para su carta nuestro chef sabe que es una artesan\u00eda culinaria digna de ser degustada.<\/p>\n<p>Adem\u00e1s, nuestro servicio gastron\u00f3mico ofrece:<\/p>\n<p><b><i>\nRoom Service 24 hs. \/ Viandas para excursiones \/ Snack Bar \/ Cafeter\u00eda\n<\/i><\/b><\/p>\n<\/div><\/div><\/div><\/div><!--end smicon-box--><\/div><\/div><\/div><\/div><\/div><\/div><\/div><div id=\"pg-3344-1\"  class=\"panel-grid panel-no-style\" ><div id=\"pgc-3344-1-0\"  class=\"panel-grid-cell\" ><div id=\"panel-3344-1-0-0\" class=\"so-panel widget widget_gallery-images panel-first-child panel-last-child\" data-index=\"6\" ><div class=\"thim-widget-gallery-images thim-widget-gallery-images-base template-base\"><div class=\"thim-gallery-images owl-carousel gallery-img \"><div class=\"item\"><img src =\"https:\/\/salinasgranhotel.com\/en\/wp-content\/uploads\/2015\/01\/WhatsApp-Image-2020-03-16-at-13.11.12-19.jpeg\" width=\"1280\" height=\"853\" alt= \"DECAUVILLE Resto-Bar\" \/><\/div><div class=\"item\"><img src =\"https:\/\/salinasgranhotel.com\/en\/wp-content\/uploads\/2015\/01\/WhatsApp-Image-2020-03-16-at-13.11.12-18.jpeg\" width=\"1280\" height=\"853\" alt= \"DECAUVILLE Resto-Bar\" \/><\/div><div class=\"item\"><img src =\"https:\/\/salinasgranhotel.com\/en\/wp-content\/uploads\/2015\/01\/WhatsApp-Image-2020-03-16-at-13.11.12-21.jpeg\" width=\"1280\" height=\"853\" alt= \"DECAUVILLE Resto-Bar\" \/><\/div><div class=\"item\"><img src =\"https:\/\/salinasgranhotel.com\/en\/wp-content\/uploads\/2015\/01\/WhatsApp-Image-2020-03-16-at-13.11.12-10.jpeg\" width=\"1280\" height=\"853\" alt= \"DECAUVILLE Resto-Bar\" \/><\/div><div class=\"item\"><img src =\"https:\/\/salinasgranhotel.com\/en\/wp-content\/uploads\/2015\/01\/WhatsApp-Image-2020-03-16-at-13.11.12-15.jpeg\" width=\"1280\" height=\"853\" alt= \"DECAUVILLE Resto-Bar\" \/><\/div><div class=\"item\"><img src =\"https:\/\/salinasgranhotel.com\/en\/wp-content\/uploads\/2015\/01\/WhatsApp-Image-2020-03-16-at-13.11.12-4.jpeg\" width=\"1280\" height=\"853\" alt= \"DECAUVILLE Resto-Bar\" \/><\/div><div class=\"item\"><img src =\"https:\/\/salinasgranhotel.com\/en\/wp-content\/uploads\/2014\/01\/WhatsApp-Image-2020-03-16-at-13.11.12-25.jpeg\" width=\"1280\" height=\"853\" alt= \"DECAUVILLE Resto-Bar\" \/><\/div><div class=\"item\"><img src =\"https:\/\/salinasgranhotel.com\/en\/wp-content\/uploads\/revslider\/slider-4\/slide1.jpg\" width=\"1600\" height=\"974\" alt= \"DECAUVILLE Resto-Bar\" \/><\/div><div class=\"item\"><img src =\"https:\/\/salinasgranhotel.com\/en\/wp-content\/uploads\/2020\/07\/restaurant_salinas_hotal_home-1.jpg\" width=\"370\" height=\"200\" alt= \"DECAUVILLE Resto-Bar\" \/><\/div><div class=\"item\"><img src =\"https:\/\/salinasgranhotel.com\/en\/wp-content\/uploads\/2020\/04\/slide1.jpg\" width=\"1600\" height=\"974\" alt= \"DECAUVILLE Resto-Bar\" \/><\/div><div class=\"item\"><img src =\"https:\/\/salinasgranhotel.com\/en\/wp-content\/uploads\/2020\/07\/restaurant_salinas_hotal_home.jpg\" width=\"370\" height=\"200\" alt= \"DECAUVILLE Resto-Bar\" \/><\/div><\/div><\/div><\/div><\/div><\/div><\/div>","protected":false},"excerpt":{"rendered":"<p>Es nuestro c\u00e1lido y tranquilo restaurant donde tanto el hu\u00e9sped como el visitante puede almorzar y cenar lo mejor de la comida tradicional o  platos de la comida regional, adem\u00e1s de tomar una copa, degustar alg\u00fan tentempi\u00e9 o simplemente pedir un caf\u00e9. <br \/>\nSu nombre Decauville, es un intento del hotel en homenajear a <\/p>\n","protected":false},"author":2,"featured_media":0,"parent":0,"menu_order":0,"comment_status":"closed","ping_status":"closed","template":"","meta":{"footnotes":""},"class_list":["post-3344","page","type-page","status-publish","hentry"],"_links":{"self":[{"href":"https:\/\/salinasgranhotel.com\/en\/wp-json\/wp\/v2\/pages\/3344","targetHints":{"allow":["GET"]}}],"collection":[{"href":"https:\/\/salinasgranhotel.com\/en\/wp-json\/wp\/v2\/pages"}],"about":[{"href":"https:\/\/salinasgranhotel.com\/en\/wp-json\/wp\/v2\/types\/page"}],"author":[{"embeddable":true,"href":"https:\/\/salinasgranhotel.com\/en\/wp-json\/wp\/v2\/users\/2"}],"replies":[{"embeddable":true,"href":"https:\/\/salinasgranhotel.com\/en\/wp-json\/wp\/v2\/comments?post=3344"}],"version-history":[{"count":43,"href":"https:\/\/salinasgranhotel.com\/en\/wp-json\/wp\/v2\/pages\/3344\/revisions"}],"predecessor-version":[{"id":3894,"href":"https:\/\/salinasgranhotel.com\/en\/wp-json\/wp\/v2\/pages\/3344\/revisions\/3894"}],"wp:attachment":[{"href":"https:\/\/salinasgranhotel.com\/en\/wp-json\/wp\/v2\/media?parent=3344"}],"curies":[{"name":"wp","href":"https:\/\/api.w.org\/{rel}","templated":true}]}}