{"id":3705,"date":"2020-08-13T15:12:08","date_gmt":"2020-08-13T15:12:08","guid":{"rendered":"https:\/\/salinasgranhotel.com\/en\/?page_id=3705"},"modified":"2020-08-24T18:04:27","modified_gmt":"2020-08-24T18:04:27","slug":"visita-salinas-grandes-antes","status":"publish","type":"page","link":"https:\/\/salinasgranhotel.com\/en\/visita-salinas-grandes-antes\/","title":{"rendered":"Visita Salinas Grandes-antes"},"content":{"rendered":"<p><strong>Las Salinas Gran Hotel<\/strong>, ubicado en un lugar privilegiado geogr\u00e1ficamente dentro del contexto de Salinas Grandes, le permite estar viviendo las salinas en todo su esplendor y magnificencia, y recorrerlas siendo este el punto central de todas sus vivencias y experiencias en este paisaje \u00fanico y todav\u00eda virgen.<\/p>\n<p>La Agencia C\u00f3rdoba Tur\u00edstica, nos dice de nuestras salinas que \u201c la zona de las \u201cSalinas Grandes\u201d es un territorio compartido por cuatro provincias argentinas: Catamarca, La Rioja, Santiago del Estero y C\u00f3rdoba.<\/p>\n<p><strong>Este verdadero desierto blanco es uno de los lugares menos explotados y m\u00e1s singulares de la infinidad de paisajes que brinda Argentina. <\/strong><\/p>\n<p>El turismo nacional y extranjero puede encontrar en \u00e9l un para\u00edso que dejar\u00e1 a m\u00e1s de uno boquiabierto ya que su valor no s\u00f3lo reside como fuente de explotaci\u00f3n tur\u00edstica, sino que representa una cuenca riqu\u00edsima de flora y fauna aut\u00f3ctona y un centro de investigaci\u00f3n cient\u00edfica.<\/p>\n<p><strong>Desde la provincia de C\u00f3rdoba se accede a las Salinas Grandes por la Ruta Nacional N\u00b060 y la 38<\/strong> . El manto blanco comprende los departamentos de Cruz del Eje, Ischilin y Tulumba y al ser un territorio adverso para el desarrollo de la vida, existen pocos poblados los cuales est\u00e1n vinculados a la industria salinera, que proporciona una fuente de trabajo para los lugare\u00f1os.<\/p>\n<p><strong>San Jos\u00e9 de las Salinas, es un lugar excepcional, ya que se encuentran bandadas de flamencos rosados y casi toda la fauna similar de la Laguna Mar Chiquita.<\/strong><\/p>\n<p>Estas caracter\u00edsticas, transforman a <strong>las salinas es un sitio ideal para el turismo alternativo y de aventura, safaris fotogr\u00e1ficos y traves\u00edas nocturnas entre otras<\/strong>. Parajes cercanos, como San Francisco del Cha\u00f1ar, en el borde sur de las Salinas de Ambargasta y Sumampa, en el l\u00edmite con la provincia santiague\u00f1a, invita a todos a llegar hasta esas fronteras y maravillarse con el espect\u00e1culo de la naturaleza.<\/p>\n<p>Tambi\u00e9n desde Lucio V. Mansilla se puede partir para visitar el <strong>Refugio de Vida Silvestre Monte de las Barrancas<\/strong>. Lo constituye una isla de bosque chaque\u00f1o rodeada de una estepa de pastos salados, jume y cachiyuyo, que, por sus anegamientos peri\u00f3dicos, resulta dif\u00edcil su acceso. Es el refugio temporal de muchas aves migratorias. <strong>La principal actividad es la observaci\u00f3n de fauna<\/strong>\u201d.&nbsp; Adem\u00e1s, \u201ceste es uno de los habitad naturales del puma, el gato mont\u00e9s de las salinas, el guanaco, el quirquincho, la liebre criolla y el conejo de los palos. Este territorio cuenta con una superficie de 7.656 hect\u00e1reas y recibe cient\u00edficos y amantes de la vida silvestre. A su vez es refugio de una multiplicidad de aves. Alguna de ellas como el \u00e1guila coronada, el halc\u00f3n aplomado, la monjita de las salinas o los aguiluchos, surcan en libertad los cielos del lugar, mientras que otras como el \u00f1and\u00fa, recorren los senderos de la regi\u00f3n en busca de alimento. Por su parte, toda su vegetaci\u00f3n est\u00e1 conformada por algarrobos, quebrachos, cha\u00f1ares y cardones, bajo los cuales desarrollan su vida las tortugas de tierra, las lampalaguas y las yarar\u00e1s chicas. El refugio, alberga ejemplares de especies en franco retroceso num\u00e9rico en la provincia. <strong>Si es invierno, es imperdible caminar tranquilamente por el suelo salitroso de la reserva. En verano, en cambio, la extensi\u00f3n se llena de agua presentado la imagen de mil flamencos que paseas por el lugar<\/strong>.\u201d<\/p>\n<p>Por otro lado, encontramos -siempre seg\u00fan la Agencia C\u00f3rdoba Tur\u00edstica-<strong>, \u201clos Ba\u00f1os de Unquillo<\/strong>, ubicado a 50 km. de la localidad de Quilino, <strong>posee aguas termales<\/strong> con un alto poder terap\u00e9utico que proviene de la combinaci\u00f3n de calor y salinidad.<\/p>\n<p>El quirquincho, la liebre criolla y el conejo de los palos junto a aves como el \u00e1guila coronada, el halc\u00f3n aplomado, la monjita de las salinas o los aguiluchos, surcan los suelos y los cielos del lugar, mientras que otras como el \u00f1and\u00fa, recorren los senderos de la regi\u00f3n&nbsp;en busca de alimento en este, su h\u00e1bitat natural. La vegetaci\u00f3n est\u00e1 conformada mayormente por algarrobos, quebrachos, cha\u00f1ares y cardones, bajo los cuales desarrollan su vida las tortugas de tierra, y otros reptiles.<\/p>\n<p><strong>Visitar las Salinas Grandes de d\u00eda o en una excursi\u00f3n nocturna es una gran oportunidad para sorprenderse y maravillarse con la inmensidad de la naturaleza\u201d. <\/strong>(1)<\/p>\n<p>(1)Texto de Agencia C\u00f3rdoba Tur\u00edstica.<\/p>\n<p><strong>&nbsp;<\/strong><\/p>\n<p><strong>Las Salinas Gran Hotel<\/strong>, ubicado en un lugar privilegiado geogr\u00e1ficamente dentro del contexto de Salinas Grandes, le permite estar viviendo las salinas en todo su esplendor y magnificencia, y recorrerlas siendo este el punto central de todas sus vivencias y experiencias en este paisaje \u00fanico y todav\u00eda virgen.<\/p>\n<p>Si estas interesado por mas informaci\u00f3n de la que te brindamos, sobre excursiones, visitas libres y guiadas en las Salinas.&nbsp; Estamos seguros de podemos ayudarte y que tu visita a nuestro hotel sea \u00fanica e inolvidable, viviendo la experiencia del norte cordob\u00e9s profundo y desconocido.<\/p>\n<p>Cont\u00e1ctanos. Solo por eso ya sos bienvenido.<\/p>\n<p><\/p>\n<p><strong>Te esperamos en San Jos\u00e9 de las Salinas. Siempre.<\/strong><\/p>\n<p><\/p>\n\n<div\n\t\t\t\n\t\t\tclass=\"so-widget-sow-image so-widget-sow-image-default-8b5b6f678277\"\n\t\t\t\n\t\t><\/div>\n\n<div class=\"su-image-carousel  su-image-carousel-has-spacing su-image-carousel-crop su-image-carousel-crop-4-3 su-image-carousel-has-outline su-image-carousel-adaptive su-image-carousel-slides-style-default su-image-carousel-controls-style-dark su-image-carousel-align-none\" style=\"\" data-flickity-options='{\"groupCells\":true,\"cellSelector\":\".su-image-carousel-item\",\"adaptiveHeight\":false,\"cellAlign\":\"left\",\"prevNextButtons\":true,\"pageDots\":true,\"autoPlay\":5000,\"imagesLoaded\":true,\"contain\":true,\"selectedAttraction\":0.025,\"friction\":0.28}' id=\"su_image_carousel_69d1c2a425d43\"><div class=\"su-image-carousel-item\"><div class=\"su-image-carousel-item-content\"><img loading=\"lazy\" decoding=\"async\" width=\"640\" height=\"480\" src=\"https:\/\/salinasgranhotel.com\/en\/wp-content\/uploads\/2020\/07\/WhatsApp-Image-2020-03-05-at-14.28.50-1024x768.jpeg\" class=\"\" alt=\"\" srcset=\"https:\/\/salinasgranhotel.com\/en\/wp-content\/uploads\/2020\/07\/WhatsApp-Image-2020-03-05-at-14.28.50-1024x768.jpeg 1024w, https:\/\/salinasgranhotel.com\/en\/wp-content\/uploads\/2020\/07\/WhatsApp-Image-2020-03-05-at-14.28.50-300x225.jpeg 300w, https:\/\/salinasgranhotel.com\/en\/wp-content\/uploads\/2020\/07\/WhatsApp-Image-2020-03-05-at-14.28.50-768x576.jpeg 768w, https:\/\/salinasgranhotel.com\/en\/wp-content\/uploads\/2020\/07\/WhatsApp-Image-2020-03-05-at-14.28.50-600x450.jpeg 600w, https:\/\/salinasgranhotel.com\/en\/wp-content\/uploads\/2020\/07\/WhatsApp-Image-2020-03-05-at-14.28.50.jpeg 1040w\" sizes=\"auto, (max-width: 640px) 100vw, 640px\" \/><\/div><\/div><div class=\"su-image-carousel-item\"><div class=\"su-image-carousel-item-content\"><img loading=\"lazy\" decoding=\"async\" width=\"526\" height=\"395\" src=\"https:\/\/salinasgranhotel.com\/en\/wp-content\/uploads\/2020\/07\/WhatsApp-Image-2020-03-05-at-14.28.49-2.jpeg\" class=\"\" alt=\"\" srcset=\"https:\/\/salinasgranhotel.com\/en\/wp-content\/uploads\/2020\/07\/WhatsApp-Image-2020-03-05-at-14.28.49-2.jpeg 526w, https:\/\/salinasgranhotel.com\/en\/wp-content\/uploads\/2020\/07\/WhatsApp-Image-2020-03-05-at-14.28.49-2-300x225.jpeg 300w\" sizes=\"auto, (max-width: 526px) 100vw, 526px\" \/><\/div><\/div><div class=\"su-image-carousel-item\"><div class=\"su-image-carousel-item-content\"><img loading=\"lazy\" decoding=\"async\" width=\"640\" height=\"480\" src=\"https:\/\/salinasgranhotel.com\/en\/wp-content\/uploads\/2020\/07\/WhatsApp-Image-2020-03-05-at-14.28.52-1-1024x768.jpeg\" class=\"\" alt=\"\" srcset=\"https:\/\/salinasgranhotel.com\/en\/wp-content\/uploads\/2020\/07\/WhatsApp-Image-2020-03-05-at-14.28.52-1-1024x768.jpeg 1024w, https:\/\/salinasgranhotel.com\/en\/wp-content\/uploads\/2020\/07\/WhatsApp-Image-2020-03-05-at-14.28.52-1-300x225.jpeg 300w, https:\/\/salinasgranhotel.com\/en\/wp-content\/uploads\/2020\/07\/WhatsApp-Image-2020-03-05-at-14.28.52-1-768x576.jpeg 768w, https:\/\/salinasgranhotel.com\/en\/wp-content\/uploads\/2020\/07\/WhatsApp-Image-2020-03-05-at-14.28.52-1-600x450.jpeg 600w, https:\/\/salinasgranhotel.com\/en\/wp-content\/uploads\/2020\/07\/WhatsApp-Image-2020-03-05-at-14.28.52-1.jpeg 1032w\" sizes=\"auto, (max-width: 640px) 100vw, 640px\" \/><\/div><\/div><div class=\"su-image-carousel-item\"><div class=\"su-image-carousel-item-content\"><img loading=\"lazy\" decoding=\"async\" width=\"640\" height=\"480\" src=\"https:\/\/salinasgranhotel.com\/en\/wp-content\/uploads\/2020\/07\/WhatsApp-Image-2020-03-05-at-14.28.49-1-1024x768.jpeg\" class=\"\" alt=\"\" srcset=\"https:\/\/salinasgranhotel.com\/en\/wp-content\/uploads\/2020\/07\/WhatsApp-Image-2020-03-05-at-14.28.49-1-1024x768.jpeg 1024w, https:\/\/salinasgranhotel.com\/en\/wp-content\/uploads\/2020\/07\/WhatsApp-Image-2020-03-05-at-14.28.49-1-300x225.jpeg 300w, https:\/\/salinasgranhotel.com\/en\/wp-content\/uploads\/2020\/07\/WhatsApp-Image-2020-03-05-at-14.28.49-1-768x576.jpeg 768w, https:\/\/salinasgranhotel.com\/en\/wp-content\/uploads\/2020\/07\/WhatsApp-Image-2020-03-05-at-14.28.49-1-600x450.jpeg 600w, https:\/\/salinasgranhotel.com\/en\/wp-content\/uploads\/2020\/07\/WhatsApp-Image-2020-03-05-at-14.28.49-1.jpeg 1040w\" sizes=\"auto, (max-width: 640px) 100vw, 640px\" \/><\/div><\/div><div class=\"su-image-carousel-item\"><div class=\"su-image-carousel-item-content\"><img loading=\"lazy\" decoding=\"async\" width=\"526\" height=\"395\" src=\"https:\/\/salinasgranhotel.com\/en\/wp-content\/uploads\/2020\/07\/WhatsApp-Image-2020-03-05-at-14.28.48.jpeg\" class=\"\" alt=\"\" srcset=\"https:\/\/salinasgranhotel.com\/en\/wp-content\/uploads\/2020\/07\/WhatsApp-Image-2020-03-05-at-14.28.48.jpeg 526w, https:\/\/salinasgranhotel.com\/en\/wp-content\/uploads\/2020\/07\/WhatsApp-Image-2020-03-05-at-14.28.48-300x225.jpeg 300w\" sizes=\"auto, (max-width: 526px) 100vw, 526px\" \/><\/div><\/div><div class=\"su-image-carousel-item\"><div class=\"su-image-carousel-item-content\"><img loading=\"lazy\" decoding=\"async\" width=\"640\" height=\"360\" src=\"https:\/\/salinasgranhotel.com\/en\/wp-content\/uploads\/2020\/07\/WhatsApp-Image-2020-03-05-at-14.28.47-1024x576.jpeg\" class=\"\" alt=\"\" srcset=\"https:\/\/salinasgranhotel.com\/en\/wp-content\/uploads\/2020\/07\/WhatsApp-Image-2020-03-05-at-14.28.47-1024x576.jpeg 1024w, https:\/\/salinasgranhotel.com\/en\/wp-content\/uploads\/2020\/07\/WhatsApp-Image-2020-03-05-at-14.28.47-300x169.jpeg 300w, https:\/\/salinasgranhotel.com\/en\/wp-content\/uploads\/2020\/07\/WhatsApp-Image-2020-03-05-at-14.28.47-768x432.jpeg 768w, https:\/\/salinasgranhotel.com\/en\/wp-content\/uploads\/2020\/07\/WhatsApp-Image-2020-03-05-at-14.28.47-600x338.jpeg 600w, https:\/\/salinasgranhotel.com\/en\/wp-content\/uploads\/2020\/07\/WhatsApp-Image-2020-03-05-at-14.28.47.jpeg 1280w\" sizes=\"auto, (max-width: 640px) 100vw, 640px\" \/><\/div><\/div><div class=\"su-image-carousel-item\"><div class=\"su-image-carousel-item-content\"><img loading=\"lazy\" decoding=\"async\" width=\"640\" height=\"480\" src=\"https:\/\/salinasgranhotel.com\/en\/wp-content\/uploads\/2020\/07\/WhatsApp-Image-2020-03-05-at-14.28.47-1.jpeg\" class=\"\" alt=\"\" srcset=\"https:\/\/salinasgranhotel.com\/en\/wp-content\/uploads\/2020\/07\/WhatsApp-Image-2020-03-05-at-14.28.47-1.jpeg 720w, https:\/\/salinasgranhotel.com\/en\/wp-content\/uploads\/2020\/07\/WhatsApp-Image-2020-03-05-at-14.28.47-1-300x225.jpeg 300w, https:\/\/salinasgranhotel.com\/en\/wp-content\/uploads\/2020\/07\/WhatsApp-Image-2020-03-05-at-14.28.47-1-600x450.jpeg 600w\" sizes=\"auto, (max-width: 640px) 100vw, 640px\" \/><\/div><\/div><div class=\"su-image-carousel-item\"><div class=\"su-image-carousel-item-content\"><img loading=\"lazy\" decoding=\"async\" width=\"640\" height=\"480\" src=\"https:\/\/salinasgranhotel.com\/en\/wp-content\/uploads\/2020\/07\/WhatsApp-Image-2020-03-05-at-14.28.54-1024x768.jpeg\" class=\"\" alt=\"\" srcset=\"https:\/\/salinasgranhotel.com\/en\/wp-content\/uploads\/2020\/07\/WhatsApp-Image-2020-03-05-at-14.28.54-1024x768.jpeg 1024w, https:\/\/salinasgranhotel.com\/en\/wp-content\/uploads\/2020\/07\/WhatsApp-Image-2020-03-05-at-14.28.54-300x225.jpeg 300w, https:\/\/salinasgranhotel.com\/en\/wp-content\/uploads\/2020\/07\/WhatsApp-Image-2020-03-05-at-14.28.54-768x576.jpeg 768w, https:\/\/salinasgranhotel.com\/en\/wp-content\/uploads\/2020\/07\/WhatsApp-Image-2020-03-05-at-14.28.54-600x450.jpeg 600w, https:\/\/salinasgranhotel.com\/en\/wp-content\/uploads\/2020\/07\/WhatsApp-Image-2020-03-05-at-14.28.54.jpeg 1032w\" sizes=\"auto, (max-width: 640px) 100vw, 640px\" \/><\/div><\/div><\/div><script id=\"su_image_carousel_69d1c2a425d43_script\">if(window.SUImageCarousel){setTimeout(function() {window.SUImageCarousel.initGallery(document.getElementById(\"su_image_carousel_69d1c2a425d43\"))}, 0);}var su_image_carousel_69d1c2a425d43_script=document.getElementById(\"su_image_carousel_69d1c2a425d43_script\");if(su_image_carousel_69d1c2a425d43_script){su_image_carousel_69d1c2a425d43_script.parentNode.removeChild(su_image_carousel_69d1c2a425d43_script);}<\/script>\n","protected":false},"excerpt":{"rendered":"<p>Las Salinas Gran Hotel, ubicado en un lugar privilegiado geogr\u00e1ficamente dentro del contexto de Salinas Grandes, le permite estar viviendo las salinas en todo su esplendor y magnificencia, y recorrerlas siendo este el punto central de todas sus vivencias y experiencias en este paisaje \u00fanico y todav\u00eda virgen.<br \/>\nLa Agencia C\u00f3rdoba Tur\u00edstica, nos dice de <\/p>\n","protected":false},"author":2,"featured_media":0,"parent":0,"menu_order":0,"comment_status":"closed","ping_status":"closed","template":"","meta":{"footnotes":""},"class_list":["post-3705","page","type-page","status-publish","hentry"],"_links":{"self":[{"href":"https:\/\/salinasgranhotel.com\/en\/wp-json\/wp\/v2\/pages\/3705","targetHints":{"allow":["GET"]}}],"collection":[{"href":"https:\/\/salinasgranhotel.com\/en\/wp-json\/wp\/v2\/pages"}],"about":[{"href":"https:\/\/salinasgranhotel.com\/en\/wp-json\/wp\/v2\/types\/page"}],"author":[{"embeddable":true,"href":"https:\/\/salinasgranhotel.com\/en\/wp-json\/wp\/v2\/users\/2"}],"replies":[{"embeddable":true,"href":"https:\/\/salinasgranhotel.com\/en\/wp-json\/wp\/v2\/comments?post=3705"}],"version-history":[{"count":9,"href":"https:\/\/salinasgranhotel.com\/en\/wp-json\/wp\/v2\/pages\/3705\/revisions"}],"predecessor-version":[{"id":3851,"href":"https:\/\/salinasgranhotel.com\/en\/wp-json\/wp\/v2\/pages\/3705\/revisions\/3851"}],"wp:attachment":[{"href":"https:\/\/salinasgranhotel.com\/en\/wp-json\/wp\/v2\/media?parent=3705"}],"curies":[{"name":"wp","href":"https:\/\/api.w.org\/{rel}","templated":true}]}}